{"id":15,"date":"2023-12-14T15:55:20","date_gmt":"2023-12-14T14:55:20","guid":{"rendered":"https:\/\/psychologuemarinem.net\/?page_id=15"},"modified":"2023-12-27T22:15:36","modified_gmt":"2023-12-27T21:15:36","slug":"presentation","status":"publish","type":"page","link":"https:\/\/psychologuemarinem.net\/","title":{"rendered":"Bienvenue,"},"content":{"rendered":"\n<p>Je m\u2019appelle Marine Manteau, je suis psychologue clinicienne et psychoth\u00e9rapeute. Je suis titulaire d\u2019un Master de&nbsp;Psychologie clinique, psychopathologie et psychologie de la sant\u00e9,&nbsp;obtenu \u00e0 l\u2019universit\u00e9 de Paris. Ce master m\u2019a permis de me familiariser avec une grande vari\u00e9t\u00e9 de maladies somatiques, tout en \u00e9tant ax\u00e9e sur les troubles du fonctionnement psychique.&nbsp;<\/p>\n\n\n\n<p><strong><em><u>Dans quelles situations venir consulter :<\/u><\/em><\/strong><\/p>\n\n\n\n<p>Si vous en \u00e9prouvez le besoin, je suis disponible pour vous accompagner,&nbsp;en vous offrant un espace de parole neutre, libre, bienveillant et sans jugement. Ce qui pourrait vous aider \u00e0 y voir plus clair. En faisant un pas de c\u00f4t\u00e9, en sortant la t\u00eate du guidon, il pourrait \u00eatre possible de voir d\u2019autres perspectives.&nbsp;<\/p>\n\n\n\n<p>Notamment si vous ressentez un \u00e9tat de mal \u00eatre, si vous traversez une \u00e9tape de vie difficile, si vous souhaitez mieux comprendre votre fonctionnement psychique et ainsi, r\u00e9aliser un travail sur vous-m\u00eame.&nbsp;<\/p>\n\n\n\n<p>Le travail que nous entreprendrons,&nbsp;se fera \u00e0 votre rythme dans le respect de votre int\u00e9grit\u00e9 psychique et en toute confidentialit\u00e9. Il pourrait s&rsquo;agir d&rsquo;un rendez-vous unique pour faire le point ou bien d&rsquo;un suivi psychologique plus r\u00e9gulier. Afin de d\u00e9buter un v\u00e9ritable travail de r\u00e9flexion en \u00e9quipe, pour vous accompagner vers un \u00e9tat de mieux \u00eatre. Cela en travaillant avec motivation dans le but d&rsquo;atteindre les objectifs que nous aurons pu nous fixer.&nbsp;<\/p>\n\n\n\n<p>Je propose \u00e9galement des accompagnements pour les enfants, ainsi que les adolescents. Pour ceux qui rencontrent des difficult\u00e9s dans leur parcours scolaire ou bien au quotidien. Pour ceux qui traversent des moments de vie difficile (probl\u00e8mes relationnels, divorce, deuil\u2026). J\u2019utilise le jeu comme m\u00e9diateur, afin de faciliter l\u2019alliance th\u00e9rapeutique avec les plus jeunes. Je propose des accompagnements pour appr\u00e9hender la gestion des \u00e9motions ainsi que pour les troubles neuro-d\u00e9veloppementaux. N\u00e9anmoins pour le moment je ne propose pas de passations de bilan.<\/p>\n\n\n\n<p><strong><em><u>Ma pratique clinique&nbsp;:<\/u><\/em><\/strong><\/p>\n\n\n\n<p>J\u2019ai choisi d\u2019avoir une approche int\u00e9grative, celle-ci me permet \u00e0 mon sens de vous offrir des accompagnements sur mesure, adapt\u00e9es \u00e0 vos besoins, \u00e0 votre situation individuelle. Mais surtout \u00e0 vous-m\u00eame, en respectant votre psych\u00e9 et votre rythme. Ainsi, j&rsquo;int\u00e8gre diverses approches th\u00e9rapeutiques, telles que la psychologie cognitivo-comportementale, la psychanalyse, la th\u00e9rapie humaniste, la th\u00e9rapie syst\u00e9mique et d&rsquo;autres. En tant que psychologue clinicienne, je veille \u00e0 respecter notre code de d\u00e9ontologie.<\/p>\n\n\n\n<p><em><u>Mes formations\u00a0:<\/u><\/em><\/p>\n\n\n\n<p>&#8211;&nbsp;&nbsp;&nbsp;&nbsp;&nbsp;&nbsp;&nbsp;Mise en \u0153uvre de l&rsquo;analyse appliqu\u00e9e du comportement (ABA) &#8211; Formation Supervision.<\/p>\n\n\n\n<p>&#8211;&nbsp;&nbsp;&nbsp;&nbsp;&nbsp;&nbsp;&nbsp;Connaissance de base en autisme : Compr\u00e9hension des particularit\u00e9s des enfants autistes et des strat\u00e9gies pour l&rsquo;accompagnement &#8211; Formation Supervision.<\/p>\n\n\n\n<p>&#8211;&nbsp;&nbsp;&nbsp;&nbsp;&nbsp;&nbsp;&nbsp;Formation d\u2019\u00c9ducation th\u00e9rapeutique du patient &#8211; Universit\u00e9 Paris Cit\u00e9.<\/p>\n\n\n\n<p>&#8211;&nbsp;&nbsp;&nbsp;&nbsp;&nbsp;&nbsp;&nbsp;Master en psychologie clinique, psychopathologie et psychologie de la sant\u00e9 &#8211; Universit\u00e9 Paris-Cit\u00e9.<\/p>\n\n\n\n<p>&#8211;&nbsp;&nbsp;&nbsp;&nbsp;&nbsp;&nbsp;&nbsp;Formation Enfant agit\u00e9, TDAH et troubles des fonctions ex\u00e9cutives &#8211; ANAE Formation.<\/p>\n\n\n\n<p>&#8211;&nbsp;&nbsp;&nbsp;&nbsp;&nbsp;&nbsp;&nbsp;Licence de psychologie &#8211; Universit\u00e9 Paris 8.<\/p>\n\n\n\n<p><em><u>Stages professionnels&nbsp;:<\/u><\/em><\/p>\n\n\n\n<p>&#8211;&nbsp;&nbsp;&nbsp;&nbsp;&nbsp;&nbsp;&nbsp;Au sein d\u2019un EHPAD, en Seine et Marne<\/p>\n\n\n\n<p>&#8211;&nbsp;&nbsp;&nbsp;&nbsp;&nbsp;&nbsp;&nbsp;Au sein d\u2019un service de maternit\u00e9-gyn\u00e9cologie-obst\u00e9trique du GHEF.<\/p>\n\n\n\n<p>&#8211;&nbsp;&nbsp;&nbsp;&nbsp;&nbsp;&nbsp;&nbsp;Au sein d\u2019un service de psychiatrie adulte du GHEF.<\/p>\n\n\n\n<p><em><u>Exp\u00e9riences professionnelles&nbsp;:<\/u><\/em><\/p>\n\n\n\n<p>&#8211;&nbsp;&nbsp;&nbsp;&nbsp;&nbsp;&nbsp;&nbsp;Au sein d\u2019une UEMA (Unit\u00e9 d\u2019Enseignement Maternelle Autisme), en Seine et Marne<\/p>\n\n\n\n<p>&#8211;&nbsp;&nbsp;&nbsp;&nbsp;&nbsp;&nbsp;&nbsp;Au sein d\u2019un l\u2019EHPAD, en Seine et Marne<\/p>\n","protected":false},"excerpt":{"rendered":"<p>Je m\u2019appelle Marine Manteau, je suis psychologue clinicienne et psychoth\u00e9rapeute. Je suis titulaire d\u2019un Master de&nbsp;Psychologie clinique, psychopathologie et psychologie de la sant\u00e9,&nbsp;obtenu \u00e0 l\u2019universit\u00e9 de Paris. Ce master m\u2019a permis de me familiariser avec une grande vari\u00e9t\u00e9 de maladies somatiques, tout en \u00e9tant ax\u00e9e sur les troubles du fonctionnement psychique.&nbsp; Dans quelles situations venir <a class=\"read-more\" href=\"https:\/\/psychologuemarinem.net\/\">READ MORE<\/a><\/p>\n","protected":false},"author":1,"featured_media":0,"parent":0,"menu_order":0,"comment_status":"closed","ping_status":"closed","template":"","meta":{"footnotes":""},"class_list":["post-15","page","type-page","status-publish","hentry"],"_links":{"self":[{"href":"https:\/\/psychologuemarinem.net\/index.php\/wp-json\/wp\/v2\/pages\/15","targetHints":{"allow":["GET"]}}],"collection":[{"href":"https:\/\/psychologuemarinem.net\/index.php\/wp-json\/wp\/v2\/pages"}],"about":[{"href":"https:\/\/psychologuemarinem.net\/index.php\/wp-json\/wp\/v2\/types\/page"}],"author":[{"embeddable":true,"href":"https:\/\/psychologuemarinem.net\/index.php\/wp-json\/wp\/v2\/users\/1"}],"replies":[{"embeddable":true,"href":"https:\/\/psychologuemarinem.net\/index.php\/wp-json\/wp\/v2\/comments?post=15"}],"version-history":[{"count":5,"href":"https:\/\/psychologuemarinem.net\/index.php\/wp-json\/wp\/v2\/pages\/15\/revisions"}],"predecessor-version":[{"id":78,"href":"https:\/\/psychologuemarinem.net\/index.php\/wp-json\/wp\/v2\/pages\/15\/revisions\/78"}],"wp:attachment":[{"href":"https:\/\/psychologuemarinem.net\/index.php\/wp-json\/wp\/v2\/media?parent=15"}],"curies":[{"name":"wp","href":"https:\/\/api.w.org\/{rel}","templated":true}]}}